{"id":21,"date":"2020-03-07T00:17:35","date_gmt":"2020-03-07T00:17:35","guid":{"rendered":"http:\/\/lilianapereiramakeup.pt\/inicio\/?page_id=21"},"modified":"2021-02-26T17:12:13","modified_gmt":"2021-02-26T17:12:13","slug":"sobre-mim","status":"publish","type":"page","link":"https:\/\/lilianapereiramakeup.pt\/inicio\/sobre-mim\/","title":{"rendered":"Sobre"},"content":{"rendered":"<p style=\"text-align: justify;\">Esta paix\u00e3o pela maquilhagem existe desde sempre. Lembro-me de pequenina, no final dos anos 90, olhar para a minha Tia, que adorava maquilhar-se e ficar &#8220;encantada&#8221; com aquela &#8220;transforma\u00e7\u00e3o&#8221; e jogo de cores. Passado uns anos, comecei eu pr\u00f3pria a maquilhar-me e a &#8220;viciar-me&#8221; em v\u00eddeos para aprender mais sobre este mundo que \u00e9 a maquilhagem.<\/p>\r\n<!-- \/wp:paragraph -->\r\n\r\n<!-- wp:paragraph -->\r\n<p style=\"text-align: justify;\">Mas foi em Fevereiro de 2020 que decidi tornar-me maquilhadora profissional, aperfei\u00e7oando t\u00e9cnicas, e aprendendo v\u00e1rios pormenores para uma maquilhagem perfeita e adequada a cada pessoa. Fui at\u00e9 Lisboa e tirei um curso com uma maquilhadora que admiro muito e que sem duvida \u00e9 uma inspira\u00e7\u00e3o para quem ama a maquilhagem. Esta &#8220;aventura&#8221; foi o realizar de um dos meus sonhos.<\/p>\r\n<!-- \/wp:paragraph -->\r\n\r\n<!-- wp:paragraph -->\r\n<p style=\"text-align: justify;\">Ao longo destes anos fui-me acomodando aos meus empregos, passei por v\u00e1rias experi\u00eancias, das quais aprendi imenso, at\u00e9 que surgiu a oportunidade de trabalhar na \u00e1rea da maquilhagem. Foi neste momento que decidi pensar mais nos meus sonhos e na realiza\u00e7\u00e3o dos mesmos.<\/p>\r\n<!-- \/wp:paragraph -->\r\n\r\n<!-- wp:paragraph -->\r\n<p style=\"text-align: justify;\">N\u00e3o irei parar por aqui, quero aprender mais, dedicar-me mais, e fazer muito mais.<\/p>\r\n<!-- \/wp:paragraph -->\r\n\r\n<!-- wp:paragraph --><!-- \/wp:paragraph -->\r\n\r\n<!-- wp:paragraph -->\r\n<p style=\"text-align: justify;\">NUNCA DESISTAM DOS VOSSOS SONHOS !<\/p>","protected":false},"excerpt":{"rendered":"<p>Esta paix\u00e3o pela maquilhagem existe desde sempre. Lembro-me de pequenina, no final dos anos 90, olhar para a minha Tia, que adorava maquilhar-se e ficar &#8220;encantada&#8221; com aquela &#8220;transforma\u00e7\u00e3o&#8221; e jogo de cores. Passado uns anos, comecei eu pr\u00f3pria a maquilhar-me e a &#8220;viciar-me&#8221; em v\u00eddeos para aprender mais sobre este mundo que \u00e9 a maquilhagem. Mas foi em Fevereiro de 2020 que decidi tornar-me maquilhadora profissional, aperfei\u00e7oando t\u00e9cnicas, e aprendendo v\u00e1rios pormenores para uma maquilhagem perfeita e adequada a cada pessoa. Fui at\u00e9 Lisboa e tirei um curso com uma maquilhadora que admiro muito e que sem duvida \u00e9 uma inspira\u00e7\u00e3o para quem ama a maquilhagem. Esta &#8220;aventura&#8221; foi o realizar de um dos meus sonhos. Ao longo destes anos fui-me acomodando aos meus empregos, passei por v\u00e1rias experi\u00eancias, das quais aprendi imenso, at\u00e9 que surgiu a oportunidade de trabalhar na \u00e1rea da maquilhagem. Foi neste momento que decidi pensar mais nos meus sonhos e na realiza\u00e7\u00e3o dos mesmos. N\u00e3o irei parar por aqui, quero aprender mais, dedicar-me mais, e fazer muito mais. NUNCA DESISTAM DOS VOSSOS SONHOS !<\/p>\n","protected":false},"author":1,"featured_media":0,"parent":0,"menu_order":0,"comment_status":"closed","ping_status":"closed","template":"page-with-slider.php","meta":[],"_links":{"self":[{"href":"https:\/\/lilianapereiramakeup.pt\/inicio\/wp-json\/wp\/v2\/pages\/21"}],"collection":[{"href":"https:\/\/lilianapereiramakeup.pt\/inicio\/wp-json\/wp\/v2\/pages"}],"about":[{"href":"https:\/\/lilianapereiramakeup.pt\/inicio\/wp-json\/wp\/v2\/types\/page"}],"author":[{"embeddable":true,"href":"https:\/\/lilianapereiramakeup.pt\/inicio\/wp-json\/wp\/v2\/users\/1"}],"replies":[{"embeddable":true,"href":"https:\/\/lilianapereiramakeup.pt\/inicio\/wp-json\/wp\/v2\/comments?post=21"}],"version-history":[{"count":10,"href":"https:\/\/lilianapereiramakeup.pt\/inicio\/wp-json\/wp\/v2\/pages\/21\/revisions"}],"predecessor-version":[{"id":158,"href":"https:\/\/lilianapereiramakeup.pt\/inicio\/wp-json\/wp\/v2\/pages\/21\/revisions\/158"}],"wp:attachment":[{"href":"https:\/\/lilianapereiramakeup.pt\/inicio\/wp-json\/wp\/v2\/media?parent=21"}],"curies":[{"name":"wp","href":"https:\/\/api.w.org\/{rel}","templated":true}]}}