{"id":46,"date":"2020-03-08T21:11:00","date_gmt":"2020-03-08T21:11:00","guid":{"rendered":"http:\/\/lilianapereiramakeup.pt\/inicio\/?page_id=46"},"modified":"2020-11-17T11:41:15","modified_gmt":"2020-11-17T11:41:15","slug":"servicos","status":"publish","type":"page","link":"https:\/\/lilianapereiramakeup.pt\/inicio\/servicos\/","title":{"rendered":"Servi\u00e7os"},"content":{"rendered":"<div class='row'><div class='span4 first-module module_number_1 module_cont center_title module_iconboxes'><div style='padding-bottom:35px; padding-top:0px;' class='module_inner'><div class='iconboxes_container items1 type1 divider_enabled icon-type_icon' data-dividercolor=\"#31bd69\" data-headingcolor=\"#dd8978\" data-descriptioncolor=\"#363b43\" data-iconcolor=\"#dd8978\"><div class='module_content shortcode_iconbox' >\n\t\t\n\t\t<div class='iconbox_wrapper'>\n\t\t\t<span class='ico icon-Heart iconbox_icon-icon'><\/span>\n\t\t\t\n\t\t\t<div class='icon_title_wrap'><h2 class='iconbox_title'>MAQUILHAGEM DE NOIVAS<\/h2><\/div>\n\t\t\t<div class='icon_box_divider'><\/div>\n\t\t\t<div class='iconbox_body'><p>A maquilhagem de noiva \u00e9 composta por dois momentos, a prova e a maquilhagem no dia do seu casamento. O meu objectivo \u00e9 fazer com que se sinta ainda mais bonita, confiante e acima de tudo tornar este seu dia mais especial.<\/p><\/div>\n\t\t<\/div>\n\t\t\t\t\n\t<\/div><\/div><\/div><\/div><!-- .module_cont --><div class='span4  module_number_2 module_cont  module_iconboxes'><div style='padding-bottom:35px; padding-top:0px;' class='module_inner'><div class='iconboxes_container items1 type1 divider_enabled icon-type_icon'  data-headingcolor=\"#dd8978\" data-descriptioncolor=\"#363b43\" data-iconcolor=\"#dd8978\"><div class='module_content shortcode_iconbox' >\n\t\t\n\t\t<div class='iconbox_wrapper'>\n\t\t\t<span class='ico icon-Heart iconbox_icon-icon'><\/span>\n\t\t\t\n\t\t\t<div class='icon_title_wrap'><h2 class='iconbox_title'>MAQUILHAGEM CERIM\u00d3NIAS<\/h2><\/div>\n\t\t\t<div class='icon_box_divider'><\/div>\n\t\t\t<div class='iconbox_body'><p>A maquilhagem para cerim\u00f3nias refere-se \u00e0 maquilhagem da m\u00e3e, madrinhas, damas de honor e convidadas.<\/p><\/div>\n\t\t<\/div>\n\t\t\t\t\n\t<\/div><\/div><\/div><\/div><!-- .module_cont --><div class='span4  module_number_3 module_cont  module_iconboxes'><div style='padding-bottom:35px; padding-top:0px;' class='module_inner'><div class='iconboxes_container items1 type1 divider_enabled icon-type_icon'  data-headingcolor=\"#dd8978\" data-descriptioncolor=\"#363b43\" data-iconcolor=\"#dd8978\"><div class='module_content shortcode_iconbox' >\n\t\t\n\t\t<div class='iconbox_wrapper'>\n\t\t\t<span class='ico icon-Heart iconbox_icon-icon'><\/span>\n\t\t\t\n\t\t\t<div class='icon_title_wrap'><h2 class='iconbox_title'>MAQUILHAGEM FESTAS E SESS\u00d5ES FOTOGR\u00c1FICAS<\/h2><\/div>\n\t\t\t<div class='icon_box_divider'><\/div>\n\t\t\t<div class='iconbox_body'><p>Este tipo de maquilhagem \u00e9 direccionada para casamentos, batizados, bodas de casamento, sess\u00f5es fotogr\u00e1ficas, baile de finalistas, festas sociais, festas de natal e passagem de ano.<\/p><\/div>\n\t\t<\/div>\n\t\t\t\t\n\t<\/div><\/div><\/div><\/div><!-- .module_cont --><\/div><div class='row'><div class='span4  module_number_4 module_cont  module_iconboxes'><div style='padding-bottom:35px; padding-top:0px;' class='module_inner'><div class='iconboxes_container items1 type1 divider_enabled icon-type_icon'  data-headingcolor=\"#dd8978\" data-descriptioncolor=\"#363b43\" data-iconcolor=\"#dd8978\"><div class='module_content shortcode_iconbox' >\n\t\t\n\t\t<div class='iconbox_wrapper'>\n\t\t\t<span class='ico icon-Heart iconbox_icon-icon'><\/span>\n\t\t\t\n\t\t\t<div class='icon_title_wrap'><h2 class='iconbox_title'>WORKSHOP<\/h2><\/div>\n\t\t\t<div class='icon_box_divider'><\/div>\n\t\t\t<div class='iconbox_body'><p>O QUE VAI APRENDER: A identificar o seu tipo de pele; cuidados a ter com a pele; a preparar a pele para receber a maquilhagem; a realizar uma maquilhagem de dia a dia; a transformar rapidamente uma maquilhagem de dia numa maquilhagem mais arrojada; saber utilizar a maquilhagem que possui em casa, e muito mais!<\/p><\/div>\n\t\t<\/div>\n\t\t\t\t\n\t<\/div><\/div><\/div><\/div><!-- .module_cont --><div class='span4  module_number_5 module_cont center_title module_iconboxes'><div style='padding-bottom:35px; padding-top:0px;' class='module_inner'><div class='iconboxes_container items1 type1 divider_enabled icon-type_icon'  data-headingcolor=\"#dd8978\" data-descriptioncolor=\"#363b43\" data-iconcolor=\"#dd8978\"><div class='module_content shortcode_iconbox' >\n\t\t\n\t\t<div class='iconbox_wrapper'>\n\t\t\t<span class='ico icon-Heart iconbox_icon-icon'><\/span>\n\t\t\t\n\t\t\t<div class='icon_title_wrap'><h2 class='iconbox_title'>AO DOMIC\u00cdLIO<\/h2><\/div>\n\t\t\t<div class='icon_box_divider'><\/div>\n\t\t\t<div class='iconbox_body'><p>Tenho a possibilidade de me deslocar at\u00e9 si em todo o pa\u00eds, para que possa usufruir dos meus servi\u00e7os. Nestes dias de grandes emo\u00e7\u00f5es o que mais necessita \u00e9 de estar o mais tranquila poss\u00edvel, por isso n\u00e3o se preocupe, deixe comigo.<\/p><\/div>\n\t\t<\/div>\n\t\t\t\t\n\t<\/div><\/div><\/div><\/div><!-- .module_cont --><\/div>","protected":false},"excerpt":{"rendered":"<p>MAQUILHAGEM DE NOIVAS A maquilhagem de noiva \u00e9 composta por dois momentos, a prova e a maquilhagem no dia do seu casamento. O meu objectivo \u00e9 fazer com que se sinta ainda mais bonita, confiante e acima de tudo tornar este seu dia mais especial. MAQUILHAGEM CERIM\u00d3NIAS A maquilhagem para cerim\u00f3nias refere-se \u00e0 maquilhagem da m\u00e3e, madrinhas, damas de honor e convidadas. MAQUILHAGEM FESTAS E SESS\u00d5ES FOTOGR\u00c1FICAS Este tipo de maquilhagem \u00e9 direccionada para casamentos, batizados, bodas de casamento, sess\u00f5es fotogr\u00e1ficas, baile de finalistas, festas sociais, festas de natal e passagem de ano. WORKSHOP O QUE VAI APRENDER: A identificar o seu tipo de pele; cuidados a ter com a pele; a preparar a pele para receber a maquilhagem; a realizar uma maquilhagem de dia a dia; a transformar rapidamente uma maquilhagem de dia numa maquilhagem mais arrojada; saber utilizar a maquilhagem que possui em casa, e muito mais! AO DOMIC\u00cdLIO Tenho a possibilidade de me deslocar at\u00e9 si em todo o pa\u00eds, para que possa usufruir dos meus servi\u00e7os. Nestes dias de grandes emo\u00e7\u00f5es o que mais necessita \u00e9 de estar o mais tranquila poss\u00edvel, por isso n\u00e3o se preocupe, deixe comigo.<\/p>\n","protected":false},"author":1,"featured_media":0,"parent":0,"menu_order":0,"comment_status":"closed","ping_status":"closed","template":"","meta":[],"_links":{"self":[{"href":"https:\/\/lilianapereiramakeup.pt\/inicio\/wp-json\/wp\/v2\/pages\/46"}],"collection":[{"href":"https:\/\/lilianapereiramakeup.pt\/inicio\/wp-json\/wp\/v2\/pages"}],"about":[{"href":"https:\/\/lilianapereiramakeup.pt\/inicio\/wp-json\/wp\/v2\/types\/page"}],"author":[{"embeddable":true,"href":"https:\/\/lilianapereiramakeup.pt\/inicio\/wp-json\/wp\/v2\/users\/1"}],"replies":[{"embeddable":true,"href":"https:\/\/lilianapereiramakeup.pt\/inicio\/wp-json\/wp\/v2\/comments?post=46"}],"version-history":[{"count":10,"href":"https:\/\/lilianapereiramakeup.pt\/inicio\/wp-json\/wp\/v2\/pages\/46\/revisions"}],"predecessor-version":[{"id":88,"href":"https:\/\/lilianapereiramakeup.pt\/inicio\/wp-json\/wp\/v2\/pages\/46\/revisions\/88"}],"wp:attachment":[{"href":"https:\/\/lilianapereiramakeup.pt\/inicio\/wp-json\/wp\/v2\/media?parent=46"}],"curies":[{"name":"wp","href":"https:\/\/api.w.org\/{rel}","templated":true}]}}